{"id":1731,"date":"2023-01-14T14:48:12","date_gmt":"2023-01-14T13:48:12","guid":{"rendered":"https:\/\/it.tct.al\/?page_id=1731"},"modified":"2023-06-17T19:43:18","modified_gmt":"2023-06-17T17:43:18","slug":"career-guidance","status":"publish","type":"page","link":"http:\/\/it.tct.al\/en\/career-guidance\/","title":{"rendered":"Career guidance"},"content":{"rendered":"<p><strong>ORIENTIM KARRIERE<\/strong><\/p>\n<p style=\"text-align: right;\"><a href=\"https:\/\/it.tct.al\/wp-content\/uploads\/2023\/06\/Orientim-Karriere-Kurset-Aftesite-per-cdo-profesion.pdf\" target=\"_blank\" rel=\"noopener\">Download the initial career orientation on pdf<\/a><\/p>\n<p>K\u00ebshillimi i karrier\u00ebs \u00ebsht\u00eb gur themeli n\u00eb Qendren e Teknologjis\u00eb Tiran\u00eb (TCT). Gjat\u00eb k\u00ebshillimit t\u00eb karriers jo vet\u00ebm q\u00eb studenti orientohet drejt nj\u00eb karriere, pozicioneve t\u00eb pun\u00ebs, q\u00eb m\u00eb s\u00eb miri i shkojn\u00eb p\u00ebr shtat njohurive t\u00eb m\u00ebparshme dhe q\u00ebllimeve t\u00eb s\u00eb ardhmes duke analizuar potencialin e tij n\u00eb sektor\u00eb t\u00eb ndryshme t\u00eb teknologjis\u00eb; por edhe n\u00eb k\u00ebt\u00eb faz\u00eb stafi i qendr\u00ebs njeh studentin personalisht e cila ndikon n\u00eb p\u00ebrgatitjen e tij dhe socializimin e tij n\u00eb qender. N\u00eb TCT nuk shkon asnj\u00eb kursant pa patur nj\u00eb k\u00ebshillim karriere me themeluesit e qendr\u00ebs dhe shpesh her\u00eb sillen edhe instruktor\u00ebt n\u00eb k\u00ebshillime p\u00ebr pyetje t\u00eb vecanta. Themeluesit<br \/>\nme mbi 15 eksperienc\u00eb pune dhe njohuri thelb\u00ebsore n\u00eb Teknologji Informacioni n\u00eb kat\u00ebr sektor\u00ebt ku operon qendra: programim, IT, data dhe design k\u00ebshillojn\u00eb dhe kordinojn\u00eb student\u00ebt p\u00ebr kurset q\u00eb m\u00eb s\u00eb miri p\u00ebrshtaten me nivelin e njohurive te studentit dhe me synimin qe ka vet\u00eb studenti.<\/p>\n<p>Me ardhjen e kursantit n\u00eb qend\u00ebr asistentja administrative e drejton tek nje nga themeluesit Rezart Alija ose Gentjan Mejdani n\u00eb var\u00ebsi t\u00eb interesit t\u00eb studentit p\u00ebr programim dhe data apo IT nd\u00ebrsa p\u00ebr design i referohen cdo njerit prej t\u00eb dyve.<\/p>\n<p>Themeluesit t\u00eb cil\u00ebt drejtojn\u00eb qendr\u00ebn ulen me kursantin e ri dhe e fillojn\u00eb bashk\u00eb bisedimin me pyetje mbi njohuri specifike teknologjike dhe shkencore.<\/p>\n<p><strong>KRITERET<\/strong><\/p>\n<p>Notat e larta n\u00eb l\u00ebnd\u00ebt e shkencore si matematika jan\u00eb nj\u00eb tregues i fort\u00eb p\u00ebr avanimin e studentit n\u00eb karrier\u00ebn e teknologjis\u00eb.<\/p>\n<p>M\u00eb pas v\u00ebrehet praktika dhe vet\u00ebbesimi q\u00eb ka studenti n\u00eb karrier\u00ebn q\u00eb do t\u00eb filloj\u00eb<\/p>\n<p>Vazhdojm\u00eb, n\u00ebse kursanti i ri dhe k\u00ebshilluesi mendojn\u00eb q\u00eb i riu\/reja nuk \u00ebsht\u00eb n\u00eb nivel fillestar i jepet dy ose tre ushtrime p\u00ebr t\u00eb zhvilluar n\u00eb sht\u00ebpi dhe kjo e indentifikon nivelin e kursantit.<\/p>\n<p>N\u00ebse kursanti nuk \u00ebsht\u00eb fush\u00ebs ose sh\u00ebnon ul\u00ebt p\u00ebr sa m\u00eb sip\u00ebr, i jepen q\u00eb t\u00eb b\u00ebjn\u00eb teste t\u00eb natyr\u00ebs konjitive p\u00ebr t\u00eb v\u00ebrejtur aft\u00ebsit\u00eb q\u00eb ka n\u00eb programim dhe data, nd\u00ebrsa n\u00eb IT dhe design nuk \u00ebsht\u00eb e domosdoshme logjika konjitive e avancuar. Testet online t\u00eb logjik\u00ebs<br \/>\nkognjitive me mbi 40% p\u00ebrgjigje t\u00eb sakta nga faqe serioze online si: testgorilla.com, simbioticsltd.com, aptitude-test.com, mettl.com.<\/p>\n<p>Lista m\u00eb lart nuk \u00ebsht\u00eb ezauruese.<\/p>\n<p>***FILLONI TRAJNIMET TONA DHE DO T\u00cb V\u00cbRENI NDRYSHIMIN!!***<br \/>\nN\u00eb <strong>Tirana Center of Technology<\/strong>, ju rekomandojm\u00eb t\u00eb punoni me:<\/p>\n<p style=\"padding-left: 40px;\">\u00a0&#8211; Prezantimin e par\u00eb<\/p>\n<p style=\"padding-left: 80px;\">&#8211; Adres\u00ebn e emailit, t\u00eb ket\u00eb nj\u00eb username profesional dhe nj\u00eb domain name t\u00eb njohur<\/p>\n<p style=\"padding-left: 80px;\">&#8211; Nd\u00ebrto nj\u00eb curriculum vitae (Europass) ose resume (US)<\/p>\n<p style=\"padding-left: 80px;\">&#8211; Filloni dhe shkruani cover letter<\/p>\n<p style=\"padding-left: 40px;\">&#8211; Zhvilloni projekte dhe vendosini n\u00eb hap\u00ebsira publike si: Github<\/p>\n<p style=\"padding-left: 40px;\">&#8211; Nd\u00ebrtim network-u dhe aft\u00ebsi<\/p>\n<p style=\"padding-left: 80px;\">&#8211; Pjes\u00eb e faqeve profesionale: LinkedIn, Glassdoor, Indeed<\/p>\n<p style=\"padding-left: 80px;\">&#8211; P\u00ebrshkrimi i pun\u00ebve t\u00eb postuara nga pun\u00ebdh\u00ebnsit ju njeh me aft\u00ebsit\u00eb n\u00eb demand t\u00eb tregut.<\/p>\n<p style=\"padding-left: 40px;\">&#8211; P\u00ebrgatitu p\u00ebr intervista<\/p>\n<p>QENDRA E TEKNOLOGJIS\u00cb TIRAN\u00cb KA FILLUAR AKTIVITETIN E SAJ NGA VITI 2015 DHE ND\u00cbR K\u00cbTO VITE QENDRA KA B\u00cbR\u00cb LIDHJE ME NJ\u00cb S\u00cbR\u00cb KOMPANISH N\u00cb TIRAN\u00cb P\u00cbR VENDOSJE N\u00cb INTERNSHIP T\u00cb STUDENT\u00cbVE T\u00cb SAJ PAS CERTIFIKIMIT NGA NJ\u00cb KURS I NIVELIT T\u00cb DYT\u00cb.<\/p>\n<p>Nj\u00eb list\u00eb jo e shterueshme e kompanive si vijon:<br \/>\nSHPK: Facile, Kreatx, Bilanci, BNT electronics, Horizon, Forsitek, Digicom, Rayonit, RASH, Gesolutione, Service Factor, The Tech Pro, Databooz, Intermedia, \u00cbebin, Opus,Xpertsystems, ecnpartners etj<\/p>\n<p>Kompani pun\u00ebsimi si E2Partners, ExpertaConsult.<\/p>\n<p>Pasi instruktori vler\u00ebson kursant\u00ebt, n\u00eb fillim kursant\u00ebt m\u00eb t\u00eb mir\u00eb d\u00ebrgohen n\u00ebp\u00ebr kompani t\u00eb ndryshme p\u00ebr t\u00eb kryer internship.<\/p>\n<p>S\u00eb fundi, TCT qendron n\u00eb kontakt n\u00ebp\u00ebrmjet anketave me kursant\u00ebt duke i pyetur p\u00ebr avancim karriere, internship dhe pun\u00ebsimin.<\/p>","protected":false},"excerpt":{"rendered":"<p>ORIENTIM KARRIERE Download the initial career orientation on pdf K\u00ebshillimi i karrier\u00ebs \u00ebsht\u00eb gur themeli n\u00eb Qendren e Teknologjis\u00eb Tiran\u00eb (TCT). Gjat\u00eb k\u00ebshillimit t\u00eb karriers jo vet\u00ebm q\u00eb studenti orientohet drejt nj\u00eb karriere, pozicioneve t\u00eb pun\u00ebs, q\u00eb m\u00eb s\u00eb miri i shkojn\u00eb p\u00ebr shtat njohurive t\u00eb m\u00ebparshme dhe q\u00ebllimeve t\u00eb s\u00eb ardhmes duke analizuar potencialin [&hellip;]<\/p>\n","protected":false},"author":1,"featured_media":0,"parent":0,"menu_order":0,"comment_status":"closed","ping_status":"closed","template":"","meta":{"nf_dc_page":"","_monsterinsights_skip_tracking":false,"_monsterinsights_sitenote_active":false,"_monsterinsights_sitenote_note":"","_monsterinsights_sitenote_category":0,"footnotes":""},"class_list":["post-1731","page","type-page","status-publish","hentry"],"jetpack_sharing_enabled":true,"_links":{"self":[{"href":"http:\/\/it.tct.al\/en\/wp-json\/wp\/v2\/pages\/1731","targetHints":{"allow":["GET"]}}],"collection":[{"href":"http:\/\/it.tct.al\/en\/wp-json\/wp\/v2\/pages"}],"about":[{"href":"http:\/\/it.tct.al\/en\/wp-json\/wp\/v2\/types\/page"}],"author":[{"embeddable":true,"href":"http:\/\/it.tct.al\/en\/wp-json\/wp\/v2\/users\/1"}],"replies":[{"embeddable":true,"href":"http:\/\/it.tct.al\/en\/wp-json\/wp\/v2\/comments?post=1731"}],"version-history":[{"count":5,"href":"http:\/\/it.tct.al\/en\/wp-json\/wp\/v2\/pages\/1731\/revisions"}],"predecessor-version":[{"id":1791,"href":"http:\/\/it.tct.al\/en\/wp-json\/wp\/v2\/pages\/1731\/revisions\/1791"}],"wp:attachment":[{"href":"http:\/\/it.tct.al\/en\/wp-json\/wp\/v2\/media?parent=1731"}],"curies":[{"name":"wp","href":"https:\/\/api.w.org\/{rel}","templated":true}]}}