{"id":1895,"date":"2025-07-20T11:59:04","date_gmt":"2025-07-20T09:59:04","guid":{"rendered":"https:\/\/it.tct.al\/?page_id=1895"},"modified":"2025-07-20T12:32:16","modified_gmt":"2025-07-20T10:32:16","slug":"kurse-me-subvencion-nga-akpa","status":"publish","type":"page","link":"http:\/\/it.tct.al\/en\/kurse-me-subvencion-nga-akpa\/","title":{"rendered":"Kurse me subvencion nga AKPA"},"content":{"rendered":"<h5 data-start=\"496\" data-end=\"592\"><strong data-start=\"534\" data-end=\"590\">Trajnime Profesionale\u00a0 t\u00eb Subvencionuara me 50% &amp; 100%<\/strong><\/h5>\n<p>Bashk\u00ebpunim midis <strong data-start=\"648\" data-end=\"685\">Tirana Center of Technology (TCT)<\/strong> dhe <strong data-start=\"690\" data-end=\"698\">AKPA<\/strong> p\u00ebr mb\u00ebshtetjen e qytetar\u00ebve shqiptar\u00eb n\u00eb zhvillimin profesional n\u00eb fushat e teknologjis\u00eb: IT, Programim, Data.<\/p>\n<h5 data-start=\"867\" data-end=\"912\"><strong data-start=\"875\" data-end=\"912\">Rreth Bashk\u00ebpunimit TCT \u2013 AKPA<\/strong><\/h5>\n<p data-start=\"915\" data-end=\"993\">&#8211; AKPA, Agjencia e Komb\u00ebtare e Pun\u00ebs dhe Aftesimit \u00ebsht\u00eb pjes\u00eb aktive n\u00eb sektorin e trajnimeve. N\u00eb vitet e fundit AKPA p\u00ebrvec trajnimeve n\u00eb qendrat shtet\u00ebrore subvencionon t\u00eb rinjt\u00eb q\u00eb marrin trajnime t\u00eb profesionale avancuara n\u00eb qendra jo-publike.<\/p>\n<p data-start=\"915\" data-end=\"993\">&#8211; TCT e licencuar nga AKPA n\u00eb vitin 2014 dhe e rilicencuar n\u00eb vitin 2024 me k\u00ebrkes\u00eb rilicencimi me VKM, kaluar t\u00eb gjitha kriteret e vendosura n\u00eb legjislacion p\u00ebr subvencionimin e student\u00ebve t\u00eb saj n\u00eb profesionet: System Admin, Programming &amp; Data Processing, Web Development backend dhe Web development frontend.<\/p>\n<p data-start=\"915\" data-end=\"993\">&#8211; Kjo nism\u00eb mb\u00ebshtet t\u00eb rinjt\u00eb dhe t\u00eb papun\u00ebt p\u00ebr t\u2019u pajisur me aft\u00ebsi konkurruese n\u00eb tregun e pun\u00ebs.<\/p>\n<h5 data-start=\"1174\" data-end=\"1204\">\u00c7far\u00eb P\u00ebrfiton?<\/h5>\n<p style=\"padding-left: 120px;\" data-start=\"1174\" data-end=\"1204\"><em>P\u00ebr t\u00eb gjith\u00eb Shqiptar\u00ebt<\/em><\/p>\n<p data-start=\"1207\" data-end=\"1273\">&#8211; 100% subvencion p\u00ebr t\u00eb diplomuarit nga universiteti apo gjimnazi (jo n\u00eb statusin student).<\/p>\n<p data-start=\"1207\" data-end=\"1273\">&#8211; 100% subvencion p\u00ebr t\u00eb papun\u00ebt e regjistruar n\u00eb zyrat e pun\u00ebs.<\/p>\n<p data-start=\"1207\" data-end=\"1273\">&#8211; 50% subvencion p\u00ebr t\u00eb gjith\u00eb.<\/p>\n<p data-start=\"1342\" data-end=\"1366\">&#8211; Certifikim pas trajnimit<\/p>\n<p data-start=\"1369\" data-end=\"1400\">&#8211; Trajnimi 100% Praktik\u00eb<\/p>\n<p data-start=\"1369\" data-end=\"1400\">&#8211; Mb\u00ebshtetje p\u00ebr pun\u00ebsim<\/p>\n<h5 data-start=\"2167\" data-end=\"2197\"><strong data-start=\"2175\" data-end=\"2197\">Si t\u00eb Aplikosh?<\/strong><\/h5>\n<p data-start=\"2200\" data-end=\"2253\">&#8211; Hapi 1: N\u00ebse jeni i papun\u00eb dhe i diplomuar. Subvencion 100% paraqituni tek AKPA<\/p>\n<p data-start=\"2256\" data-end=\"2320\">&#8211; Hapi 2: N\u00ebse jeni student ose i pun\u00ebsuar. Aplikoni n\u00eb eAlbania n\u00eb faqen &#8220;Formim Profesionale me Mb\u00ebshtetje Financiare&#8221;. Zgjidhni nj\u00eb nga kurset tona.<\/p>\n<p data-start=\"2323\" data-end=\"2377\">Emri i Kursit dhe Koh\u00ebzgjatja<\/p>\n<p data-start=\"2323\" data-end=\"2377\">&#8211; SystemAdministration, 9-11 muaj<\/p>\n<p data-start=\"2323\" data-end=\"2377\">&#8211; Programming &amp; Data Processing, 9 muaj<\/p>\n<p data-start=\"2323\" data-end=\"2377\">&#8211; Web Development, Frontend programmer, 9 muaj<\/p>\n<p data-start=\"2323\" data-end=\"2377\">&#8211; Web Development, backend programmer (JAVA, C#.Net, PHP), 9 muaj<\/p>\n<p data-start=\"2323\" data-end=\"2377\">ose Hapi 3: Na kontaktoni n\u00eb whatsapp p\u00ebr trajnim me subvencion.<\/p>\n<p>Nj\u00eb tjet\u00ebr projekt &#8220;Garancia Rinore&#8221;, ofron mund\u00ebsi shum\u00eb e mir\u00eb p\u00ebr t&#8217;u trajnuar plot\u00ebsisht paguar nga shteti shqiptar n\u00ebp\u00ebrmjet zyr\u00ebs AKPA-s\u00eb. Garancia rinore p\u00ebr momentin \u00ebsht\u00eb vet\u00ebm n\u00eb: Tiran\u00eb, Shkod\u00ebr dhe Vlor\u00eb.<\/p>\n<p><iframe loading=\"lazy\" title=\"Garancia Rinore, Projekti qe subvencionon me 100% te rinjte shqiptar nga mosha 15 deri ne 30 vjec.\" width=\"640\" height=\"360\" src=\"https:\/\/www.youtube.com\/embed\/UA33q9h5Zpo?feature=oembed\" frameborder=\"0\" allow=\"accelerometer; autoplay; clipboard-write; encrypted-media; gyroscope; picture-in-picture; web-share\" referrerpolicy=\"strict-origin-when-cross-origin\" allowfullscreen><\/iframe><\/p>\n","protected":false},"excerpt":{"rendered":"<p>Trajnime Profesionale\u00a0 t\u00eb Subvencionuara me 50% &amp; 100% Bashk\u00ebpunim midis Tirana Center of Technology (TCT) dhe AKPA p\u00ebr mb\u00ebshtetjen e qytetar\u00ebve shqiptar\u00eb n\u00eb zhvillimin profesional n\u00eb fushat e teknologjis\u00eb: IT, Programim, Data. Rreth Bashk\u00ebpunimit TCT \u2013 AKPA &#8211; AKPA, Agjencia e Komb\u00ebtare e Pun\u00ebs dhe Aftesimit \u00ebsht\u00eb pjes\u00eb aktive n\u00eb sektorin e trajnimeve. N\u00eb vitet [&hellip;]<\/p>\n","protected":false},"author":1,"featured_media":0,"parent":0,"menu_order":0,"comment_status":"closed","ping_status":"closed","template":"","meta":{"nf_dc_page":"","_monsterinsights_skip_tracking":false,"_monsterinsights_sitenote_active":false,"_monsterinsights_sitenote_note":"","_monsterinsights_sitenote_category":0,"footnotes":""},"class_list":["post-1895","page","type-page","status-publish","hentry"],"jetpack_sharing_enabled":true,"_links":{"self":[{"href":"http:\/\/it.tct.al\/en\/wp-json\/wp\/v2\/pages\/1895","targetHints":{"allow":["GET"]}}],"collection":[{"href":"http:\/\/it.tct.al\/en\/wp-json\/wp\/v2\/pages"}],"about":[{"href":"http:\/\/it.tct.al\/en\/wp-json\/wp\/v2\/types\/page"}],"author":[{"embeddable":true,"href":"http:\/\/it.tct.al\/en\/wp-json\/wp\/v2\/users\/1"}],"replies":[{"embeddable":true,"href":"http:\/\/it.tct.al\/en\/wp-json\/wp\/v2\/comments?post=1895"}],"version-history":[{"count":5,"href":"http:\/\/it.tct.al\/en\/wp-json\/wp\/v2\/pages\/1895\/revisions"}],"predecessor-version":[{"id":1907,"href":"http:\/\/it.tct.al\/en\/wp-json\/wp\/v2\/pages\/1895\/revisions\/1907"}],"wp:attachment":[{"href":"http:\/\/it.tct.al\/en\/wp-json\/wp\/v2\/media?parent=1895"}],"curies":[{"name":"wp","href":"https:\/\/api.w.org\/{rel}","templated":true}]}}