{"id":54,"date":"2016-04-13T13:47:59","date_gmt":"2016-04-13T11:47:59","guid":{"rendered":"http:\/\/it.tct.al\/?page_id=54"},"modified":"2020-07-02T20:03:13","modified_gmt":"2020-07-02T18:03:13","slug":"kurse-it-programim-rrjete-kompjuterike-trajnim","status":"publish","type":"page","link":"http:\/\/it.tct.al\/en\/kurse-it-programim-rrjete-kompjuterike-trajnim\/","title":{"rendered":"Rreth Nesh (home page)"},"content":{"rendered":"<p>Qendra e Teknologjis\u00eb Tiran\u00eb (TCT) \u00ebsht\u00eb nj\u00eb qend\u00ebr e specializuar p\u00ebr trajnime profesionale n\u00eb fush\u00ebn e teknologjis\u00eb s\u00eb informacionit (IT &amp; Programim). TCT fokusohet n\u00eb produktet e Microsoft, Linux, Cisco Systems dhe Virtualizim.\u00a0Qendra e kurseve TCT jep edhe trajnime <span style=\"text-decoration: underline;\">online<\/span> plot\u00ebsisht n\u00eb praktik\u00eb, t\u00eb drejtuar nga instruktor me eksperienc\u00eb, q\u00eb student\u00ebt mund t&#8217;i frekuentojn\u00eb nga komoditeti i sht\u00ebpis\u00eb tyre.<\/p>\n<p>Ekspert\u00ebt\/Instruktor\u00ebt e TCT punojn\u00eb n\u00eb kompani private apo publike dhe i p\u00ebrcjellin ekspertiz\u00ebn e tyre student\u00ebve t\u00eb Qendr\u00ebs.<\/p>\n<p>TCT klasifikohet si nje institucion i m\u00ebsimdh\u00ebnies s\u00eb njohurive praktike dhe ndjek metod\u00ebn \u201cHands on\u201d. Ne besojm\u00eb q\u00eb p\u00ebrgatitja p\u00ebr tregun e pun\u00ebs dhe vet\u00ebbesimi fitohet vet\u00ebm n\u00ebp\u00ebrmjet njohurive t\u00eb m\u00ebsuara n\u00eb praktik\u00eb.<\/p>\n<p><sub>For English, click <a href=\"http:\/\/it.tct.al\/rreth-nesh\/\">here<\/a>.<\/sub><\/p>","protected":false},"excerpt":{"rendered":"<p>Qendra e Teknologjis\u00eb Tiran\u00eb (TCT) \u00ebsht\u00eb nj\u00eb qend\u00ebr e specializuar p\u00ebr trajnime profesionale n\u00eb fush\u00ebn e teknologjis\u00eb s\u00eb informacionit (IT &amp; Programim). TCT fokusohet n\u00eb produktet e Microsoft, Linux, Cisco Systems dhe Virtualizim.\u00a0Qendra e kurseve TCT jep edhe trajnime online plot\u00ebsisht n\u00eb praktik\u00eb, t\u00eb drejtuar nga instruktor me eksperienc\u00eb, q\u00eb student\u00ebt mund t&#8217;i frekuentojn\u00eb nga [&hellip;]<\/p>\n","protected":false},"author":1,"featured_media":0,"parent":0,"menu_order":0,"comment_status":"closed","ping_status":"closed","template":"","meta":{"nf_dc_page":"","_monsterinsights_skip_tracking":false,"_monsterinsights_sitenote_active":false,"_monsterinsights_sitenote_note":"","_monsterinsights_sitenote_category":0,"footnotes":""},"class_list":["post-54","page","type-page","status-publish","hentry"],"jetpack_sharing_enabled":true,"_links":{"self":[{"href":"http:\/\/it.tct.al\/en\/wp-json\/wp\/v2\/pages\/54","targetHints":{"allow":["GET"]}}],"collection":[{"href":"http:\/\/it.tct.al\/en\/wp-json\/wp\/v2\/pages"}],"about":[{"href":"http:\/\/it.tct.al\/en\/wp-json\/wp\/v2\/types\/page"}],"author":[{"embeddable":true,"href":"http:\/\/it.tct.al\/en\/wp-json\/wp\/v2\/users\/1"}],"replies":[{"embeddable":true,"href":"http:\/\/it.tct.al\/en\/wp-json\/wp\/v2\/comments?post=54"}],"version-history":[{"count":43,"href":"http:\/\/it.tct.al\/en\/wp-json\/wp\/v2\/pages\/54\/revisions"}],"predecessor-version":[{"id":2000,"href":"http:\/\/it.tct.al\/en\/wp-json\/wp\/v2\/pages\/54\/revisions\/2000"}],"wp:attachment":[{"href":"http:\/\/it.tct.al\/en\/wp-json\/wp\/v2\/media?parent=54"}],"curies":[{"name":"wp","href":"https:\/\/api.w.org\/{rel}","templated":true}]}}