{"id":240,"date":"2024-01-03T19:49:53","date_gmt":"2024-01-03T19:49:53","guid":{"rendered":"https:\/\/collegetocareer.tech\/?page_id=240"},"modified":"2024-05-16T23:43:35","modified_gmt":"2024-05-16T21:43:35","slug":"practical-training-and-career-orientation-blog","status":"publish","type":"page","link":"https:\/\/it.tct.al\/sq\/practical-training-and-career-orientation-blog\/","title":{"rendered":"Blog"},"content":{"rendered":"\n<h2 class=\"wp-block-heading has-text-align-center\">5 Reasons why programming is the best choice<\/h2>\n\n\n\n<div style=\"height:30px\" aria-hidden=\"true\" class=\"wp-block-spacer\"><\/div>\n\n\n\n<figure class=\"wp-block-image aligncenter size-full is-resized\"><img loading=\"lazy\" decoding=\"async\" width=\"623\" height=\"353\" src=\"https:\/\/it.tct.al\/wp-content\/uploads\/2024\/05\/prg.png\" alt=\"\" class=\"wp-image-611\" style=\"width:719px;height:auto\" srcset=\"https:\/\/it.tct.al\/wp-content\/uploads\/2024\/05\/prg.png 623w, https:\/\/it.tct.al\/wp-content\/uploads\/2024\/05\/prg-480x272.png 480w\" sizes=\"auto, (min-width: 0px) and (max-width: 480px) 480px, (min-width: 481px) 623px, 100vw\" \/><\/figure>\n\n\n\n<div style=\"height:30px\" aria-hidden=\"true\" class=\"wp-block-spacer\"><\/div>\n\n\n\n<p>Choosing programming as a profession depends on several personal factors and the job market. Here are some reasons why programming might be the right choice:<\/p>\n\n\n\n<ol class=\"wp-block-list\">\n<li><em>High Demand for Programmers<\/em>: The tech industry is constantly growing, and there is a high demand for skilled programmers. This can provide many job opportunities and career security.<\/li>\n\n\n\n<li><em>High Salaries<\/em>: Programmers are often well-paid, especially if they work in advanced technology sectors or large companies.<\/li>\n\n\n\n<li><em>Work Flexibility<\/em>: Many programming positions offer opportunities for remote work and flexible hours, making this profession suitable for people who want a good work-life balance.<\/li>\n\n\n\n<li><em>Development of Problem-Solving Skills<\/em>: Programming helps you develop strong critical thinking and problem-solving skills, which are valuable in many other areas of life and career.<\/li>\n\n\n\n<li><em>Innovation and Creativity<\/em>: Programming allows you to create new and innovative solutions to existing problems, giving you a sense of achievement and satisfaction.<\/li>\n<\/ol>\n\n\n\n<div style=\"height:30px\" aria-hidden=\"true\" class=\"wp-block-spacer\"><\/div>\n\n\n\n<figure class=\"wp-block-image aligncenter size-full is-resized\"><img loading=\"lazy\" decoding=\"async\" width=\"660\" height=\"340\" src=\"https:\/\/it.tct.al\/wp-content\/uploads\/2024\/05\/prg2.png\" alt=\"\" class=\"wp-image-612\" style=\"width:717px;height:auto\" srcset=\"https:\/\/it.tct.al\/wp-content\/uploads\/2024\/05\/prg2.png 660w, https:\/\/it.tct.al\/wp-content\/uploads\/2024\/05\/prg2-480x247.png 480w\" sizes=\"auto, (min-width: 0px) and (max-width: 480px) 480px, (min-width: 481px) 660px, 100vw\" \/><\/figure>\n\n\n\n<div style=\"height:30px\" aria-hidden=\"true\" class=\"wp-block-spacer\"><\/div>\n\n\n\n<p>However, it is also important to consider some challenges:<\/p>\n\n\n\n<ol class=\"wp-block-list\">\n<li><em>Continuous Learning<\/em>: Technology changes rapidly and requires constant learning to stay up to date.<\/li>\n\n\n\n<li><em>High Competition<\/em>: While the demand for programmers is high, there are also many people entering this field, making the competition tough.<\/li>\n\n\n\n<li><em>Work Stress<\/em>: Complex projects and tight deadlines can cause significant stress.<\/li>\n<\/ol>\n\n\n\n<p>If you have a passion for technology, problem-solving, and want a dynamic career with many development opportunities, programming can be an excellent choice for you.<\/p>\n\n\n\n<div class=\"wp-block-buttons is-layout-flex wp-block-buttons-is-layout-flex\">\n<div class=\"wp-block-button\"><a class=\"wp-block-button__link has-text-align-left wp-element-button\" href=\"https:\/\/tct.edu.al\/2024\/05\/05\/208666\/\">Read more&#8230;<\/a><\/div>\n<\/div>\n\n\n\n<div class=\"wp-block-comments\">\t<div id=\"respond\" class=\"comment-respond wp-block-post-comments-form has-small-font-size\">\n\t\t<h3 id=\"reply-title\" class=\"comment-reply-title\">Lini nj\u00eb P\u00ebrgjigje <small><a rel=\"nofollow\" id=\"cancel-comment-reply-link\" href=\"\/sq\/wp-json\/wp\/v2\/pages\/240#respond\" style=\"display:none;\">Anuloje p\u00ebrgjigjen<\/a><\/small><\/h3><form action=\"https:\/\/it.tct.al\/wp-comments-post.php\" method=\"post\" id=\"commentform\" class=\"comment-form\"><p class=\"comment-notes\"><span id=\"email-notes\">Adresa juaj email s\u2019do t\u00eb b\u00ebhet publike.<\/span> <span class=\"required-field-message\">Fushat e domosdoshme jan\u00eb sh\u00ebnuar me nj\u00eb <span class=\"required\">*<\/span><\/span><\/p><p class=\"comment-form-comment\"><label for=\"comment\">Koment <span class=\"required\">*<\/span><\/label> <textarea id=\"comment\" name=\"comment\" cols=\"45\" rows=\"8\" maxlength=\"65525\" required=\"required\"><\/textarea><\/p><p class=\"comment-form-author\"><label for=\"author\">Em\u00ebr <span class=\"required\">*<\/span><\/label> <input id=\"author\" name=\"author\" type=\"text\" value=\"\" size=\"30\" maxlength=\"245\" autocomplete=\"name\" required=\"required\" \/><\/p>\n<p class=\"comment-form-email\"><label for=\"email\">Email <span class=\"required\">*<\/span><\/label> <input id=\"email\" name=\"email\" type=\"text\" value=\"\" size=\"30\" maxlength=\"100\" aria-describedby=\"email-notes\" autocomplete=\"email\" required=\"required\" \/><\/p>\n<p class=\"comment-form-url\"><label for=\"url\">Sajt<\/label> <input id=\"url\" name=\"url\" type=\"text\" value=\"\" size=\"30\" maxlength=\"200\" autocomplete=\"url\" \/><\/p>\n<p class=\"comment-form-cookies-consent\"><input id=\"wp-comment-cookies-consent\" name=\"wp-comment-cookies-consent\" type=\"checkbox\" value=\"yes\" \/> <label for=\"wp-comment-cookies-consent\">Ruaje n\u00eb k\u00ebt\u00eb shfletues emrin, email-in dhe sajtin tim, p\u00ebr her\u00ebn tjet\u00ebr q\u00eb komentoj.<\/label><\/p>\n<p class=\"form-submit\"><input name=\"submit\" type=\"submit\" id=\"submit\" class=\"submit\" value=\"Postoje Komentin\" \/> <input type='hidden' name='comment_post_ID' value='240' id='comment_post_ID' \/>\n<input type='hidden' name='comment_parent' id='comment_parent' value='0' \/>\n<\/p><p style=\"display: none !important;\" class=\"akismet-fields-container\" data-prefix=\"ak_\"><label>&#916;<textarea name=\"ak_hp_textarea\" cols=\"45\" rows=\"8\" maxlength=\"100\"><\/textarea><\/label><input type=\"hidden\" id=\"ak_js_1\" name=\"ak_js\" value=\"178\"\/><script type=\"text\/javascript\">\n\/* <![CDATA[ *\/\ndocument.getElementById( \"ak_js_1\" ).setAttribute( \"value\", ( new Date() ).getTime() );\n\/* ]]> *\/\n<\/script>\n<\/p><\/form>\t<\/div><!-- #respond -->\n\t<\/div>\n","protected":false},"excerpt":{"rendered":"<p>5 Reasons why programming is the best choice Choosing programming as a profession depends on several personal factors and the job market. Here are some reasons why programming might be the right choice: However, it is also important to consider some challenges: If you have a passion for technology, problem-solving, and want a dynamic career [&hellip;]<\/p>\n","protected":false},"author":1,"featured_media":0,"parent":0,"menu_order":0,"comment_status":"open","ping_status":"closed","template":"","meta":{"_et_pb_use_builder":"off","_et_pb_old_content":"","_et_gb_content_width":"","om_disable_all_campaigns":false,"_monsterinsights_skip_tracking":false,"_monsterinsights_sitenote_active":false,"_monsterinsights_sitenote_note":"","_monsterinsights_sitenote_category":0,"_uf_show_specific_survey":0,"_uf_disable_surveys":false,"footnotes":""},"class_list":["post-240","page","type-page","status-publish","hentry"],"aioseo_notices":[],"_links":{"self":[{"href":"https:\/\/it.tct.al\/sq\/wp-json\/wp\/v2\/pages\/240","targetHints":{"allow":["GET"]}}],"collection":[{"href":"https:\/\/it.tct.al\/sq\/wp-json\/wp\/v2\/pages"}],"about":[{"href":"https:\/\/it.tct.al\/sq\/wp-json\/wp\/v2\/types\/page"}],"author":[{"embeddable":true,"href":"https:\/\/it.tct.al\/sq\/wp-json\/wp\/v2\/users\/1"}],"replies":[{"embeddable":true,"href":"https:\/\/it.tct.al\/sq\/wp-json\/wp\/v2\/comments?post=240"}],"version-history":[{"count":15,"href":"https:\/\/it.tct.al\/sq\/wp-json\/wp\/v2\/pages\/240\/revisions"}],"predecessor-version":[{"id":617,"href":"https:\/\/it.tct.al\/sq\/wp-json\/wp\/v2\/pages\/240\/revisions\/617"}],"wp:attachment":[{"href":"https:\/\/it.tct.al\/sq\/wp-json\/wp\/v2\/media?parent=240"}],"curies":[{"name":"wp","href":"https:\/\/api.w.org\/{rel}","templated":true}]}}